{"id":115,"date":"2020-01-03T15:37:46","date_gmt":"2020-01-03T15:37:46","guid":{"rendered":"http:\/\/fahrschule-volker-wangler.de\/?page_id=115"},"modified":"2026-02-01T17:18:29","modified_gmt":"2026-02-01T17:18:29","slug":"boesingfeld","status":"publish","type":"page","link":"http:\/\/fahrschule-volker-wangler.de\/?page_id=115","title":{"rendered":"Unser Angebot"},"content":{"rendered":"\n<p><\/p>\n\n\n\n<h4 class=\"wp-block-heading\">Wir&nbsp;bilden&nbsp;alle F\u00fchrerscheinklassen aus. <\/h4>\n\n\n\n<p>Neben der Auto-, Lkw-, Bus- und Trecker-Schulung, liegt mir als leidenschaftlicher Motorradfahrer und ausgebildeter Zweiradmechaniker eine professionelle Motorradausbildung besonders am Herzen. F\u00fcr Alle die uns suchen und noch nicht gefunden haben, erstellen wir hier unsere Internetpr\u00e4senz Sie befindet sich im Aufbau und wird ab sofort regelm\u00e4\u00dfig aktualisiert. <\/p>\n\n\n\n<h4 class=\"wp-block-heading\">F\u00fcr den Anfang&nbsp;das Wichtigste ganz kompakt:<\/h4>\n\n\n\n<ul class=\"wp-block-list\">\n<li><strong> F\u00fchrerscheinausbildung aller Klassen<\/strong><\/li>\n<\/ul>\n\n\n\n<ul class=\"wp-block-list\">\n<li><strong>7\u00a0mal theoretischer Unterricht in der Woche<\/strong> :::  <a href=\"http:\/\/fahrschule-volker-wangler.de\/?page_id=113\">Hier geht es zu den Filialen<\/a><\/li>\n<\/ul>\n\n\n\n<ul class=\"wp-block-list\">\n<li><strong>Profitraining f\u00fcr Wiedereinsteiger und F\u00fchrerscheinneuling<\/strong><\/li>\n<\/ul>\n\n\n\n<ul class=\"wp-block-list\">\n<li><strong>Bkf-Weiterbildung \u2013 alle Module f\u00fcr Lkw und Bus<\/strong><\/li>\n<\/ul>\n\n\n\n<ul class=\"wp-block-list\">\n<li><strong>1. Hilfe Schulungen<\/strong><\/li>\n<\/ul>\n\n\n\n<h4 class=\"wp-block-heading\">Wir freuen uns \u00fcber Euren Anruf! Oder Ihr schreibt uns eine E-Mail.<\/h4>\n\n\n\n<p><\/p>\n","protected":false},"excerpt":{"rendered":"<div class=\"entry-summary\">\nWir&nbsp;bilden&nbsp;alle F\u00fchrerscheinklassen aus. Neben der Auto-, Lkw-, Bus- und Trecker-Schulung, liegt mir als leidenschaftlicher Motorradfahrer und ausgebildeter Zweiradmechaniker eine professionelle&hellip;\n<\/div>\n<div class=\"link-more\"><a href=\"http:\/\/fahrschule-volker-wangler.de\/?page_id=115\" class=\"more-link\">Continue reading<span class=\"screen-reader-text\"> &ldquo;Unser Angebot&rdquo;<\/span>&hellip;<\/a><\/div>\n","protected":false},"author":1,"featured_media":102,"parent":0,"menu_order":0,"comment_status":"closed","ping_status":"closed","template":"","meta":{"footnotes":""},"class_list":["post-115","page","type-page","status-publish","has-post-thumbnail","hentry","entry"],"_links":{"self":[{"href":"http:\/\/fahrschule-volker-wangler.de\/index.php?rest_route=\/wp\/v2\/pages\/115","targetHints":{"allow":["GET"]}}],"collection":[{"href":"http:\/\/fahrschule-volker-wangler.de\/index.php?rest_route=\/wp\/v2\/pages"}],"about":[{"href":"http:\/\/fahrschule-volker-wangler.de\/index.php?rest_route=\/wp\/v2\/types\/page"}],"author":[{"embeddable":true,"href":"http:\/\/fahrschule-volker-wangler.de\/index.php?rest_route=\/wp\/v2\/users\/1"}],"replies":[{"embeddable":true,"href":"http:\/\/fahrschule-volker-wangler.de\/index.php?rest_route=%2Fwp%2Fv2%2Fcomments&post=115"}],"version-history":[{"count":14,"href":"http:\/\/fahrschule-volker-wangler.de\/index.php?rest_route=\/wp\/v2\/pages\/115\/revisions"}],"predecessor-version":[{"id":666,"href":"http:\/\/fahrschule-volker-wangler.de\/index.php?rest_route=\/wp\/v2\/pages\/115\/revisions\/666"}],"wp:featuredmedia":[{"embeddable":true,"href":"http:\/\/fahrschule-volker-wangler.de\/index.php?rest_route=\/wp\/v2\/media\/102"}],"wp:attachment":[{"href":"http:\/\/fahrschule-volker-wangler.de\/index.php?rest_route=%2Fwp%2Fv2%2Fmedia&parent=115"}],"curies":[{"name":"wp","href":"https:\/\/api.w.org\/{rel}","templated":true}]}}