{"id":212,"date":"2020-01-03T18:17:57","date_gmt":"2020-01-03T18:17:57","guid":{"rendered":"http:\/\/fahrschule-volker-wangler.de\/?page_id=212"},"modified":"2026-03-14T12:58:17","modified_gmt":"2026-03-14T12:58:17","slug":"bkf-weiterbildung","status":"publish","type":"page","link":"http:\/\/fahrschule-volker-wangler.de\/?page_id=212","title":{"rendered":"BKF-Weiterbildung BUS &amp; LKW"},"content":{"rendered":"\n<p>(Schl\u00fcsselzahl 95)<\/p>\n\n\n\n<h4 class=\"wp-block-heading\">++++ Die n\u00e4chste Modulserie 4. Welle startet im Februar 2026 ++++<\/h4>\n\n\n\n<p class=\"has-luminous-vivid-orange-color has-text-color has-link-color wp-elements-89e2baaaa100aa41e1371ab4a53b6a0a\">F\u00fcr eine Anmeldung schreiben Sie uns eine E-Mail an: volker.wangler@gmail.com<\/p>\n\n\n\n<p>Danach erhalten Sie alle notwendigen Informationen und Anmelde-Unterlagen. Wir freuen uns!<\/p>\n\n\n\n<h4 class=\"wp-block-heading\">Neue Termine folgen im April<\/h4>\n\n\n\n<div class=\"wp-block-columns is-layout-flex wp-container-core-columns-is-layout-9d6595d7 wp-block-columns-is-layout-flex\">\n<div class=\"wp-block-column is-layout-flow wp-block-column-is-layout-flow\" style=\"flex-basis:66.66%\">\n<h3 class=\"wp-block-heading\">Ausgebucht: Modul 1 Intelligentes Fahren f\u00fcr Bus &amp; LKW<\/h3>\n\n\n\n<ul class=\"wp-block-list\">\n<li>Ort: Schulungsraum Barntrup, Mittelstr. 15, 32683 Barntrup<\/li>\n\n\n\n<li>Beginn: 08:30 Uhr &#8211; 16:00 Uhr<\/li>\n<\/ul>\n<\/div>\n\n\n\n<div class=\"wp-block-column is-layout-flow wp-block-column-is-layout-flow\" style=\"flex-basis:33%\">\n<h2 class=\"wp-block-heading has-luminous-vivid-orange-color has-text-color has-medium-font-size\">Sa., 28.03.2026<\/h2>\n<\/div>\n<\/div>\n\n\n\n<p>(Modulgeb\u00fchren 90\u20ac\/Modul ::: Eine Teilnahme ist nur m\u00f6glich bei schriftlicher Anmeldung 10 Tage vor Termin!) <strong>F\u00fcr das leibliche Wohl ist wie immer bestens gesorgt.<\/strong><\/p>\n\n\n\n<p><\/p>\n","protected":false},"excerpt":{"rendered":"<div class=\"entry-summary\">\n(Schl\u00fcsselzahl 95) ++++ Die n\u00e4chste Modulserie 4. Welle startet im Februar 2026 ++++ F\u00fcr eine Anmeldung schreiben Sie uns eine&hellip;\n<\/div>\n<div class=\"link-more\"><a href=\"http:\/\/fahrschule-volker-wangler.de\/?page_id=212\" class=\"more-link\">Continue reading<span class=\"screen-reader-text\"> &ldquo;BKF-Weiterbildung BUS &amp; LKW&rdquo;<\/span>&hellip;<\/a><\/div>\n","protected":false},"author":1,"featured_media":221,"parent":0,"menu_order":5,"comment_status":"closed","ping_status":"closed","template":"","meta":{"footnotes":""},"class_list":["post-212","page","type-page","status-publish","has-post-thumbnail","hentry","entry"],"_links":{"self":[{"href":"http:\/\/fahrschule-volker-wangler.de\/index.php?rest_route=\/wp\/v2\/pages\/212","targetHints":{"allow":["GET"]}}],"collection":[{"href":"http:\/\/fahrschule-volker-wangler.de\/index.php?rest_route=\/wp\/v2\/pages"}],"about":[{"href":"http:\/\/fahrschule-volker-wangler.de\/index.php?rest_route=\/wp\/v2\/types\/page"}],"author":[{"embeddable":true,"href":"http:\/\/fahrschule-volker-wangler.de\/index.php?rest_route=\/wp\/v2\/users\/1"}],"replies":[{"embeddable":true,"href":"http:\/\/fahrschule-volker-wangler.de\/index.php?rest_route=%2Fwp%2Fv2%2Fcomments&post=212"}],"version-history":[{"count":40,"href":"http:\/\/fahrschule-volker-wangler.de\/index.php?rest_route=\/wp\/v2\/pages\/212\/revisions"}],"predecessor-version":[{"id":679,"href":"http:\/\/fahrschule-volker-wangler.de\/index.php?rest_route=\/wp\/v2\/pages\/212\/revisions\/679"}],"wp:featuredmedia":[{"embeddable":true,"href":"http:\/\/fahrschule-volker-wangler.de\/index.php?rest_route=\/wp\/v2\/media\/221"}],"wp:attachment":[{"href":"http:\/\/fahrschule-volker-wangler.de\/index.php?rest_route=%2Fwp%2Fv2%2Fmedia&parent=212"}],"curies":[{"name":"wp","href":"https:\/\/api.w.org\/{rel}","templated":true}]}}