{"id":242,"date":"2020-01-04T13:07:04","date_gmt":"2020-01-04T13:07:04","guid":{"rendered":"http:\/\/fahrschule-volker-wangler.de\/?page_id=242"},"modified":"2020-01-04T13:07:04","modified_gmt":"2020-01-04T13:07:04","slug":"datenschutz","status":"publish","type":"page","link":"http:\/\/fahrschule-volker-wangler.de\/?page_id=242","title":{"rendered":"Datenschutz"},"content":{"rendered":"\n<p>Datenschutzerkl\u00e4rung&nbsp;\n(\u2019Erkl\u00e4rung\u2019)<\/p>\n\n\n\n<p>Wir bedanken uns f\u00fcr Ihr Interesse an unserer Fahrschule und\nm\u00f6chten Ihnen hier unsere Erkl\u00e4rung so einfach wie m\u00f6glich darstellen.<\/p>\n\n\n\n<p>Der Herausgeber dieser Website und Verantwortlicher f\u00fcr die\nDatenverarbeitung im Sinne der Datenschutz-Grundverordnung (\u2019 DS-GVO\u2019)&nbsp; sowie andere Bestimmungen mit\ndatenschutzrechtlichem Charakter der EU-L\u00e4nder ist die<\/p>\n\n\n\n<p>Fahrschule Volker Wangler<\/p>\n\n\n\n<p>Inh. Volker Wangler<\/p>\n\n\n\n<p>In der Egge 1, 32699 Extertal<\/p>\n\n\n\n<p>Tel.: 052624156<\/p>\n\n\n\n<p>E-Mail: volker.wangler@gmail.com<\/p>\n\n\n\n<p>Website: fahrschule-volker-wangler.de<\/p>\n\n\n\n<p>Unsere Erkl\u00e4rung beruht auf den Begrifflichkeiten, die durch\nden Europ\u00e4ischen Richtlinien- und Verordnungsgeber beim Erlass der DS-GVO\nverwendet wurden. <\/p>\n\n\n\n<p>Der Begriff&nbsp;\n\u2019Personenbezogene Daten\u2019 ist definiert als jegliche Informationen, die\nsich auf ein Datensubjekt (\u2019betroffene Person\u2019) beziehen, welches direkt oder\nindirekt identifiziert werden kann, insbesondere durch ein\nIdentifizierungsmerkmal, wie Namen, Identifikationsnummern, Ortsdaten, eine\nOnline-Kennung oder einen oder mehrere Faktoren, die einer physischen,\nphysiologischen, genetischen, mentalen, \u00f6konomischen, kulturellen oder sozialen\nIdentifikation einer nat\u00fcrlichen oder juristischen Person (wo anwendbar)\neigent\u00fcmlich sind.<\/p>\n\n\n\n<p>Alle anderen Definitionen\/Begriffe, die hier genannt sind,\nwerden in den relevanten Datenschutzvorschriften, einschlie\u00dflich der EU\nDatenschutz-Grundverordnung, Verordnung (EU) 2016\/679 vom 27. April 2016 (im\nFolgenden \u201eDSGVO\u201c) definiert und k\u00f6nnen dort nachgelesen werden:\nhttps:\/\/dsgvo-gesetz.de\/<\/p>\n\n\n\n<p>Allgemeiner Hinweis<\/p>\n\n\n\n<p>Allgemein m\u00f6chten wir darauf hinweisen, dass die\nBereitstellung von personenbezogenen Daten, au\u00dferhalb dieser Plattform, zum\nTeil gesetzlich vorgeschrieben ist (z.B. Steuervorschriften, Antr\u00e4ge\nKreisverwaltung) oder sich auch aus vertraglichen Regelungen (z.B. Angaben zum\nVertragspartner) nicht ausschlie\u00dfen l\u00e4sst. In diesem Fall ist die betroffene\nPerson verpflichtet, personenbezogene Daten bereitzustellen, wenn sie z.B.\neinen Ausbildungsvertrag \u00fcber eine Fahrschulausbildung abschlie\u00dft. Eine\nNichtbereitstellung der personenbezogenen Daten h\u00e4tte zur Folge, dass der\nVertrag mit dem Betroffenen nicht geschlossen werden k\u00f6nnte. Vor einer\nBereitstellung der Daten muss sich der Betroffene an den Verantwortlichen\nwenden, der Ihn dar\u00fcber aufkl\u00e4ren kann, ob die Bereitstellung der\npersonenbezogenen Daten gesetzlich oder vertraglich vorgeschrieben oder f\u00fcr den\nVertragsabschluss erforderlich ist und welche Folgen die Nichtbereitstellung\nder personenbezogenen Daten f\u00fcr Ihn h\u00e4tte.<\/p>\n\n\n\n<p>Unsere Website<\/p>\n\n\n\n<p>Die Nutzung unsere&nbsp;\nWebseite ist grunds\u00e4tzlich ohne Angaben von personenbezogenen Daten\nm\u00f6glich. Soweit auf unseren Seiten Daten&nbsp;\nwie z. B. Name Kontaktdaten,&nbsp; etc.\nerhoben werden, erfolgt dies, soweit m\u00f6glich, immer auf freiwilliger Basis.\nOhne Ihre ausdr\u00fcckliche Zustimmung werden Daten nicht an Dritte weitergegeben.<\/p>\n\n\n\n<p>\u00dcbertragung von Daten<\/p>\n\n\n\n<p>Wir weisen darauf hin, dass die Daten\u00fcbertragung im Internet\nwie z.B. bei der Kommunikation per E-Mail immer Sicherheitsl\u00fccken aufweisen\nkann. Ein l\u00fcckenloser Schutz Ihrer Daten vor dem Zugriff durch Dritte ist nicht\nm\u00f6glich. Aus diesem Grund steht es jeder betroffenen Person frei,\npersonenbezogene Daten auch auf alternativen Wegen, beispielsweise telefonisch,\nan uns zu \u00fcbermitteln.<\/p>\n\n\n\n<p>Zum Schutz der \u00dcbertragung vertraulicher Inhalte, die Sie an\nuns \u00fcber diese Website senden, setzen wir eine SSL-bzw. TLS-Verschl\u00fcsselung\nein. Dieses geschieht aus Sicherheitsgr\u00fcnden und automatisiert, damit Dritte\nIhre Daten nicht mitteilen k\u00f6nnen. Diese Verschl\u00fcsselte Verbindung k\u00f6nnen Sie\nan der Adresszeile Ihres Browsers und am Schloss-Symbol in der Browserzeile\nerkennen.<\/p>\n\n\n\n<p>Kontaktm\u00f6glichkeit \u00fcber die Internetseite<\/p>\n\n\n\n<p>Nimmt eine betroffene Person per E-Mail oder \u00fcber ein\nKontaktformular den Kontakt mit dem Verantwortlichen auf, werden die\n\u00fcbermittelten personenbezogenen Daten automatisch gespeichert. Solche auf\nfreiwilliger Basis von einer betroffenen Person \u00fcbermittelten Daten werden f\u00fcr\nZwecke der Bearbeitung oder der Kontaktaufnahme zur betroffenen Person\ngespeichert. Es erfolgt keine Weitergabe dieser personenbezogenen Daten an\nDritte:<\/p>\n\n\n\n<p>Kommentarfunktion auf der Internetseite<\/p>\n\n\n\n<p>Die Kommentar Features auf unserer Website bietet die\nM\u00f6glichkeit, individuelle Kommentare in den entsprechenden Kategorien zu\nhinterlassen. Dieses Feature ist ein \u00f6ffentliches einsehbares Portal, in welchem\neine oder mehrere Personen, Artikel oder Meinungen schreiben k\u00f6nnen, die von\nanderen betroffenen Personen, von Dritten, kommentiert werden k\u00f6nnen. Die\nNutzung dieses Features geschieht auf freiwilliger Basis und ist kein Muss.<\/p>\n\n\n\n<p>Bei der Nutzung wird die vom Internet-Service-Provider der\nbetroffenen Person vergebene IP-Adresse mitprotokolliert. Diese Speicherung\nerfolgt aus Sicherheitsgr\u00fcnden und ist daher im Interesse aller beteiligen\nPersonen. Sofern keine gesetzliche Notwendigkeit vorliegt, erfolgt keine Weitergabe\ndieser erhobenen personenbezogenen Daten an Dritte.<\/p>\n\n\n\n<p>Features<\/p>\n\n\n\n<p>Die Beitr\u00e4ge und Kommentare, die eine betroffene Person auf\nunserer Website hinterl\u00e4sst, bedingen eine Speicherung der damit in Verbindung\nstehenden Daten (z.B. IP-Adresse). Der Inhalt verbleibt auf unserer Website,\nbis er routinem\u00e4\u00dfig gel\u00f6scht wurde oder aus rechtlichen Gr\u00fcnden gel\u00f6scht werden\nmusste. Die Speicherung der Beitr\u00e4ge und Kommentare erfolgt auf Grundlage Ihrer\nEinwilligung (Art. 6 Abs. 1 lit. a DSGVO). Ein Widerruf Ihrer bereits erteilten\nEinwilligung ist jederzeit m\u00f6glich. Siehe 1. <\/p>\n\n\n\n<p>\u201aKurz und knackig\u2019 m\u00f6chten wir Sie \u00fcber Ihre Rechte\naufkl\u00e4ren:<\/p>\n\n\n\n<p>1. Einwilligung und Widerruf zur Datenverarbeitung<\/p>\n\n\n\n<p>Um Vorg\u00e4nge der Datenverarbeitung zu vollziehen, bedarf es\nIhrer ausdr\u00fccklichen Einwilligung. Diese k\u00f6nnen Sie jederzeit mittels einer\nformlosen Miteilung (Post, e-Mail, etc.) an uns widerrufen. Die Rechtm\u00e4\u00dfigkeit\nder bis zum Widerruf erfolgten Datenverarbeitung bleibt vom Widerruf unber\u00fchrt.\n<\/p>\n\n\n\n<p>Die betroffene Person legt gem\u00e4\u00df Art. 21 Abs. 1 DS-GVO\nWiderspruch gegen die Verarbeitung ein, und es liegen keine vorrangigen\nberechtigten Gr\u00fcnde f\u00fcr die Verarbeitung vor, oder die betroffene Person legt\ngem\u00e4\u00df Art. 21 Abs. 2 DS-GVO Widerspruch gegen die Verarbeitung ein.<\/p>\n\n\n\n<p>2. Best\u00e4tigung und Auskunft<\/p>\n\n\n\n<p>Sie haben als betroffene Person hat das Recht, von dem\nVerantwortlichen eine Best\u00e4tigung dar\u00fcber zu verlangen, ob personenbezogene\nDaten verarbeitet werden. Weiterhin haben Sie das Recht und eine Kopie der\ngespeicherten Daten als Auskunft zu erhalten. Hierzu wenden Sie sich formlos an\nden Verantwortlichen.<\/p>\n\n\n\n<p>3. Berichtigung\/Vervollst\u00e4ndigung<\/p>\n\n\n\n<p>Als betroffene Person haben Sie das Recht auf unverz\u00fcgliche\nBerichtigung sie betreffender unrichtiger oder Vervollst\u00e4ndigung\nunvollst\u00e4ndiger personenbezogener Daten zu verlangen. <\/p>\n\n\n\n<p>Hierzu wenden Sie sich formlos an den Verantwortlichen.<\/p>\n\n\n\n<p>4. L\u00f6schung <\/p>\n\n\n\n<p>Als betroffene Person haben Sie das Recht von dem\nVerantwortlichen zu verlangen, dass die sie betreffenden personenbezogenen\nDaten unverz\u00fcglich gel\u00f6scht werden wenn einer der folgenden Gr\u00fcnde zutrifft und\nsoweit die Verarbeitung nicht erforderlich ist, wird der Verantwortliche im\nEinzelfall alle&nbsp; notwendigen Schritte\nveranlassen:<\/p>\n\n\n\n<p>&#8211;&nbsp;&nbsp;&nbsp;&nbsp;&nbsp;&nbsp;&nbsp;&nbsp;&nbsp;&nbsp; Zwecke f\u00fcr\ndie personenbezogenen Daten erhoben wurden sind nicht mehr von belang und die\ngespeicherten Daten somit nicht mehr notwendig.<\/p>\n\n\n\n<p>&#8211;&nbsp;&nbsp;&nbsp;&nbsp;&nbsp;&nbsp;&nbsp;&nbsp;&nbsp;&nbsp; Einwilligung\nund Widerruf Siehe 1.<\/p>\n\n\n\n<p>&#8211;&nbsp;&nbsp;&nbsp;&nbsp;&nbsp;&nbsp;&nbsp;&nbsp;&nbsp;&nbsp; Personenbezogenen\nDaten wurden unrechtm\u00e4\u00dfig verarbeitet.<\/p>\n\n\n\n<p>&#8211;&nbsp;&nbsp;&nbsp;&nbsp;&nbsp;&nbsp;&nbsp;&nbsp;&nbsp;&nbsp; Personenbezogenen\nDaten wurden in Bezug auf angebotene Dienste der Informationsgesellschaft gem\u00e4\u00df\nArt. 8 Abs. 1 DS-GVO erhoben.<\/p>\n\n\n\n<p>5. Beschwerde Aufsichtsbeh\u00f6rde<\/p>\n\n\n\n<p>Im Falle eines datenschutzrechtlichen Versto\u00dfes steht Ihnen\nals Betroffene Person ein Beschwerderecht bei der zust\u00e4ndigen Aufsichtsbeh\u00f6rde\nzu. Zust\u00e4ndig ist der Landesdatenschutzbeauftragte des Bundeslandes, in dem\nsich der Sitz unseres Unternehmens befindet. Nachstehend der Link zum Kontakt:\nhttps:\/\/www.bfdi.bund.de\/DE\/Service\/Beschwerden\/beschwerden_node.html<\/p>\n\n\n\n<p>F\u00fcr weitere Anregungen und Fragen wenden Sie sich bitte\ntelefonisch oder per e-Mail an den Verantwortlichen.<\/p>\n\n\n\n<p>Wir freuen uns auf Ihren Besuch &#8211; im Netz und auf der\nStra\u00dfe\u2026.<\/p>\n","protected":false},"excerpt":{"rendered":"<div class=\"entry-summary\">\nDatenschutzerkl\u00e4rung&nbsp; (\u2019Erkl\u00e4rung\u2019) Wir bedanken uns f\u00fcr Ihr Interesse an unserer Fahrschule und m\u00f6chten Ihnen hier unsere Erkl\u00e4rung so einfach wie&hellip;\n<\/div>\n<div class=\"link-more\"><a href=\"http:\/\/fahrschule-volker-wangler.de\/?page_id=242\" class=\"more-link\">Continue reading<span class=\"screen-reader-text\"> &ldquo;Datenschutz&rdquo;<\/span>&hellip;<\/a><\/div>\n","protected":false},"author":1,"featured_media":0,"parent":0,"menu_order":0,"comment_status":"closed","ping_status":"closed","template":"","meta":{"footnotes":""},"class_list":["post-242","page","type-page","status-publish","hentry","entry"],"_links":{"self":[{"href":"http:\/\/fahrschule-volker-wangler.de\/index.php?rest_route=\/wp\/v2\/pages\/242","targetHints":{"allow":["GET"]}}],"collection":[{"href":"http:\/\/fahrschule-volker-wangler.de\/index.php?rest_route=\/wp\/v2\/pages"}],"about":[{"href":"http:\/\/fahrschule-volker-wangler.de\/index.php?rest_route=\/wp\/v2\/types\/page"}],"author":[{"embeddable":true,"href":"http:\/\/fahrschule-volker-wangler.de\/index.php?rest_route=\/wp\/v2\/users\/1"}],"replies":[{"embeddable":true,"href":"http:\/\/fahrschule-volker-wangler.de\/index.php?rest_route=%2Fwp%2Fv2%2Fcomments&post=242"}],"version-history":[{"count":1,"href":"http:\/\/fahrschule-volker-wangler.de\/index.php?rest_route=\/wp\/v2\/pages\/242\/revisions"}],"predecessor-version":[{"id":243,"href":"http:\/\/fahrschule-volker-wangler.de\/index.php?rest_route=\/wp\/v2\/pages\/242\/revisions\/243"}],"wp:attachment":[{"href":"http:\/\/fahrschule-volker-wangler.de\/index.php?rest_route=%2Fwp%2Fv2%2Fmedia&parent=242"}],"curies":[{"name":"wp","href":"https:\/\/api.w.org\/{rel}","templated":true}]}}